{"id":49,"date":"2022-03-09T19:36:24","date_gmt":"2022-03-09T18:36:24","guid":{"rendered":"http:\/\/versdes.cluster029.hosting.ovh.net\/?page_id=49"},"modified":"2025-03-18T13:23:07","modified_gmt":"2025-03-18T12:23:07","slug":"je-veux-etre-collecte","status":"publish","type":"page","link":"https:\/\/versdetours.fr\/index.php\/je-veux-etre-collecte\/","title":{"rendered":"\u00catre collect\u00e9"},"content":{"rendered":"\n<h2 class=\"wp-block-heading\"><\/h2>\n\n\n\n<div class=\"wp-block-columns is-layout-flex wp-container-core-columns-is-layout-9d6595d7 wp-block-columns-is-layout-flex\">\n<div class=\"wp-block-column is-layout-flow wp-block-column-is-layout-flow\">\n<h2 class=\"wp-block-heading\">Comment \u00e7a marche ?<\/h2>\n\n\n\n<p>La collecte de vos biod\u00e9chets se fait gr\u00e2ce un \u00e0 v\u00e9lo \u00e9quip\u00e9 d\u2019une remorque, et la valorisation se fait via lombricompostage (d\u00e9chets v\u00e9g\u00e9taux uniquement) ou compostage (tous d\u00e9chets alimentaires type SPAnC3).<br>Ces d\u00e9chets deviennent un lombricompost de qualit\u00e9 par le travail des vers de terre mais aussi par toute la vie que contient le compost. Un des avantage notable de notre mod\u00e8le est son faible impact CO<sub>2<\/sub> (tant pour le transport que pour la valorisation) qui est indubitablement inf\u00e9rieur \u00e0 celui des collectes et des traitements actuels.<\/p>\n\n\n\n<p><strong>Concr\u00e8tement pour vous, comment fonctionne notre solution&nbsp;:<\/strong><\/p>\n\n\n\n<p><strong>&#8211; Au d\u00e9marrage&nbsp;: <\/strong>formation des \u00e9quipes, ou d\u2019un r\u00e9f\u00e9rent si c\u2019est que qui vous semble le plus pertinent<strong>.<\/strong> Lors de cette formation, nous sensibilisons les \u00e9quipes aux enjeux du tri, les informons des aliments acceptables dans le bac, d\u00e9terminons avec eux l\u2019emplacement du bac durant les op\u00e9rations de tri et celui o\u00f9 le bac sera install\u00e9 pour la collecte. Nous d\u00e9finissons \u00e9galement le planning des collectes.<\/p>\n\n\n\n<p><strong>&#8211; Durant le mois&nbsp;:<\/strong> nous collectons r\u00e9guli\u00e8rement les bioseaux remplis, selon un rythme d\u00e9fini au d\u00e9part et nous l\u2019\u00e9changeons contre un vide et propre<strong>.<\/strong> Les op\u00e9rations de nettoyage sont r\u00e9alis\u00e9es par nos soins, il n\u2019y a donc pas de travail suppl\u00e9mentaire pour vos \u00e9quipes.<br><strong>Tout au long du mois&nbsp;:<\/strong> nous vous donnons acc\u00e8s \u00e0 notre espace de suivi, vous permettant de visualiser les volumes collect\u00e9s, de t\u00e9l\u00e9charger vos DAC (document accompagnement le transport des d\u00e9chets) et de suivre le planning de collecte.<\/p>\n\n\n\n<p><strong>&#8211; Chaque fin de mois : <\/strong>nous vous faisons parvenir une facture d\u00e9taillant le nombre de passage effectu\u00e9 et le nombre de bioseau collect\u00e9 par passage.<\/p>\n\n\n\n<h4 class=\"wp-block-heading\"><strong>Vous \u00eates professionnel et souhaitez faire valoriser vos biod\u00e9chets, contactez-nous d\u00e8s maintenant<\/strong><\/h4>\n<\/div>\n\n\n\n<div class=\"wp-block-column is-layout-flow wp-block-column-is-layout-flow\"><div class=\"wpforms-container wpforms-container-full wpforms-block wpforms-block-d6be2b72-0557-46a3-90c8-1add2f30b5d4 wpforms-render-modern\" id=\"wpforms-669\"><form id=\"wpforms-form-669\" class=\"wpforms-validate wpforms-form wpforms-ajax-form\" data-formid=\"669\" method=\"post\" enctype=\"multipart\/form-data\" action=\"\/index.php\/wp-json\/wp\/v2\/pages\/49\" data-token=\"ddd3a45b9b5bc0a975f9c4c7d8bcc2e0\" data-token-time=\"1776689277\"><noscript class=\"wpforms-error-noscript\">Veuillez activer JavaScript dans votre navigateur pour remplir ce formulaire.<\/noscript><div id=\"wpforms-error-noscript\" style=\"display: none;\">Veuillez activer JavaScript dans votre navigateur pour remplir ce formulaire.<\/div><div class=\"wpforms-field-container\"><div id=\"wpforms-669-field_1-container\" class=\"wpforms-field wpforms-field-name\" data-field-id=\"1\"><label class=\"wpforms-field-label\" for=\"wpforms-669-field_1\">Nom <span class=\"wpforms-required-label\" aria-hidden=\"true\">*<\/span><\/label><input type=\"text\" id=\"wpforms-669-field_1\" class=\"wpforms-field-medium wpforms-field-required\" name=\"wpforms[fields][1]\" aria-errormessage=\"wpforms-669-field_1-error\" required><\/div><div id=\"wpforms-669-field_2-container\" class=\"wpforms-field wpforms-field-email\" data-field-id=\"2\"><label class=\"wpforms-field-label\" for=\"wpforms-669-field_2\">E-mail <span class=\"wpforms-required-label\" aria-hidden=\"true\">*<\/span><\/label><input type=\"email\" id=\"wpforms-669-field_2\" class=\"wpforms-field-medium wpforms-field-required\" name=\"wpforms[fields][2]\" spellcheck=\"false\" aria-errormessage=\"wpforms-669-field_2-error\" required><\/div><div id=\"wpforms-669-field_10-container\" class=\"wpforms-field wpforms-field-text\" data-field-id=\"10\"><label class=\"wpforms-field-label\" for=\"wpforms-669-field_10\">Objet <span class=\"wpforms-required-label\" aria-hidden=\"true\">*<\/span><\/label><input type=\"text\" id=\"wpforms-669-field_10\" class=\"wpforms-field-medium wpforms-field-required\" name=\"wpforms[fields][10]\" aria-errormessage=\"wpforms-669-field_10-error\" required><\/div><div id=\"wpforms-669-field_6-container\" class=\"wpforms-field wpforms-field-textarea\" data-field-id=\"6\"><label class=\"wpforms-field-label\" for=\"wpforms-669-field_6\">Votre message <span class=\"wpforms-required-label\" aria-hidden=\"true\">*<\/span><\/label><textarea id=\"wpforms-669-field_6\" class=\"wpforms-field-medium wpforms-field-required\" name=\"wpforms[fields][6]\" placeholder=\"Votre demande + num\u00e9ro de t\u00e9l\u00e9phone\" aria-errormessage=\"wpforms-669-field_6-error\" aria-describedby=\"wpforms-669-field_6-description\" required><\/textarea><div id=\"wpforms-669-field_6-description\" class=\"wpforms-field-description\">Merci d&rsquo;ajouter votre num\u00e9ro de t\u00e9l\u00e9phone SVP.<\/div><\/div><div id=\"wpforms-669-field_8-container\" class=\"wpforms-field wpforms-field-gdpr-checkbox\" data-field-id=\"8\"><label class=\"wpforms-field-label\">Accord RGPD <span class=\"wpforms-required-label\" aria-hidden=\"true\">*<\/span><\/label><ul id=\"wpforms-669-field_8\" class=\"wpforms-field-required\"><li class=\"choice-1\"><input type=\"checkbox\" id=\"wpforms-669-field_8_1\" name=\"wpforms[fields][8][]\" value=\"Je consens \u00e0 ce que ce site stocke mes informations envoy\u00e9es afin qu\u2019ils puissent r\u00e9pondre \u00e0 ma requ\u00eate.\" aria-errormessage=\"wpforms-669-field_8_1-error\" required ><label class=\"wpforms-field-label-inline\" for=\"wpforms-669-field_8_1\">Je consens \u00e0 ce que ce site stocke mes informations envoy\u00e9es afin qu\u2019ils puissent r\u00e9pondre \u00e0 ma requ\u00eate.<\/label><\/li><\/ul><\/div><\/div><!-- .wpforms-field-container --><div class=\"wpforms-recaptcha-container wpforms-is-turnstile\" ><div class=\"cf-turnstile\" data-sitekey=\"0x4AAAAAAAVs_o_wMxHd0sXr\" data-action=\"FormID-669\"><\/div><input type=\"text\" name=\"g-recaptcha-hidden\" class=\"wpforms-recaptcha-hidden\" style=\"position:absolute!important;clip:rect(0,0,0,0)!important;height:1px!important;width:1px!important;border:0!important;overflow:hidden!important;padding:0!important;margin:0!important;\" data-rule-turnstile=\"1\"><\/div><div class=\"wpforms-submit-container\" ><input type=\"hidden\" name=\"wpforms[id]\" value=\"669\"><input type=\"hidden\" name=\"page_title\" value=\"\"><input type=\"hidden\" name=\"page_url\" value=\"https:\/\/versdetours.fr\/index.php\/wp-json\/wp\/v2\/pages\/49\"><input type=\"hidden\" name=\"url_referer\" value=\"\"><button type=\"submit\" name=\"wpforms[submit]\" id=\"wpforms-submit-669\" class=\"wpforms-submit\" data-alt-text=\"Envoi...\" data-submit-text=\"Envoyer\" aria-live=\"assertive\" value=\"wpforms-submit\">Envoyer<\/button><img loading=\"lazy\" decoding=\"async\" src=\"https:\/\/versdetours.fr\/wp-content\/plugins\/wpforms-lite\/assets\/images\/submit-spin.svg\" class=\"wpforms-submit-spinner\" style=\"display: none;\" width=\"26\" height=\"26\" alt=\"Chargement en cours\"><\/div><\/form><\/div>  <!-- .wpforms-container --><\/div>\n<\/div>\n\n\n\n<p><\/p>\n","protected":false},"excerpt":{"rendered":"<p>Comment \u00e7a marche ? La collecte de vos biod\u00e9chets se fait gr\u00e2ce un \u00e0 v\u00e9lo \u00e9quip\u00e9 d\u2019une remorque, et la valorisation se fait via lombricompostage (d\u00e9chets v\u00e9g\u00e9taux uniquement) ou compostage (tous d\u00e9chets alimentaires type SPAnC3).Ces d\u00e9chets deviennent un lombricompost de qualit\u00e9 par le travail des vers de terre mais aussi par toute la vie que [&hellip;]<\/p>\n","protected":false},"author":1,"featured_media":0,"parent":0,"menu_order":0,"comment_status":"closed","ping_status":"closed","template":"","meta":{"ocean_post_layout":"full-width","ocean_both_sidebars_style":"","ocean_both_sidebars_content_width":0,"ocean_both_sidebars_sidebars_width":0,"ocean_sidebar":"0","ocean_second_sidebar":"0","ocean_disable_margins":"enable","ocean_add_body_class":"","ocean_shortcode_before_top_bar":"","ocean_shortcode_after_top_bar":"","ocean_shortcode_before_header":"","ocean_shortcode_after_header":"","ocean_has_shortcode":"","ocean_shortcode_after_title":"","ocean_shortcode_before_footer_widgets":"","ocean_shortcode_after_footer_widgets":"","ocean_shortcode_before_footer_bottom":"","ocean_shortcode_after_footer_bottom":"","ocean_display_top_bar":"default","ocean_display_header":"default","ocean_header_style":"","ocean_center_header_left_menu":"0","ocean_custom_header_template":"0","ocean_custom_logo":0,"ocean_custom_retina_logo":0,"ocean_custom_logo_max_width":0,"ocean_custom_logo_tablet_max_width":0,"ocean_custom_logo_mobile_max_width":0,"ocean_custom_logo_max_height":0,"ocean_custom_logo_tablet_max_height":0,"ocean_custom_logo_mobile_max_height":0,"ocean_header_custom_menu":"0","ocean_menu_typo_font_family":"0","ocean_menu_typo_font_subset":"","ocean_menu_typo_font_size":0,"ocean_menu_typo_font_size_tablet":0,"ocean_menu_typo_font_size_mobile":0,"ocean_menu_typo_font_size_unit":"px","ocean_menu_typo_font_weight":"","ocean_menu_typo_font_weight_tablet":"","ocean_menu_typo_font_weight_mobile":"","ocean_menu_typo_transform":"","ocean_menu_typo_transform_tablet":"","ocean_menu_typo_transform_mobile":"","ocean_menu_typo_line_height":0,"ocean_menu_typo_line_height_tablet":0,"ocean_menu_typo_line_height_mobile":0,"ocean_menu_typo_line_height_unit":"","ocean_menu_typo_spacing":0,"ocean_menu_typo_spacing_tablet":0,"ocean_menu_typo_spacing_mobile":0,"ocean_menu_typo_spacing_unit":"","ocean_menu_link_color":"","ocean_menu_link_color_hover":"","ocean_menu_link_color_active":"","ocean_menu_link_background":"","ocean_menu_link_hover_background":"","ocean_menu_link_active_background":"","ocean_menu_social_links_bg":"","ocean_menu_social_hover_links_bg":"","ocean_menu_social_links_color":"","ocean_menu_social_hover_links_color":"","ocean_disable_title":"default","ocean_disable_heading":"default","ocean_post_title":"","ocean_post_subheading":"","ocean_post_title_style":"","ocean_post_title_background_color":"","ocean_post_title_background":0,"ocean_post_title_bg_image_position":"","ocean_post_title_bg_image_attachment":"","ocean_post_title_bg_image_repeat":"","ocean_post_title_bg_image_size":"","ocean_post_title_height":0,"ocean_post_title_bg_overlay":0.5,"ocean_post_title_bg_overlay_color":"","ocean_disable_breadcrumbs":"default","ocean_breadcrumbs_color":"","ocean_breadcrumbs_separator_color":"","ocean_breadcrumbs_links_color":"","ocean_breadcrumbs_links_hover_color":"","ocean_display_footer_widgets":"default","ocean_display_footer_bottom":"default","ocean_custom_footer_template":"0","footnotes":""},"class_list":["post-49","page","type-page","status-publish","hentry","entry"],"yoast_head":"<!-- This site is optimized with the Yoast SEO plugin v27.4 - https:\/\/yoast.com\/product\/yoast-seo-wordpress\/ -->\n<title>\u00catre collect\u00e9 - Les Vers de Tours<\/title>\n<meta name=\"description\" content=\"La collecte des biod\u00e9chets se fait \u00e0 v\u00e9lo et remorque, la valorisation se fait via lombricompostage (d\u00e9chets v\u00e9g\u00e9taux) ou compostage (d\u00e9chets alimentaires type SPAnC3).\" \/>\n<meta name=\"robots\" content=\"index, follow, max-snippet:-1, max-image-preview:large, max-video-preview:-1\" \/>\n<link rel=\"canonical\" href=\"https:\/\/versdetours.fr\/index.php\/je-veux-etre-collecte\/\" \/>\n<meta property=\"og:locale\" content=\"fr_FR\" \/>\n<meta property=\"og:type\" content=\"article\" \/>\n<meta property=\"og:title\" content=\"\u00catre collect\u00e9 - Les Vers de Tours\" \/>\n<meta property=\"og:description\" content=\"La collecte des biod\u00e9chets se fait \u00e0 v\u00e9lo et remorque, la valorisation se fait via lombricompostage (d\u00e9chets v\u00e9g\u00e9taux) ou compostage (d\u00e9chets alimentaires type SPAnC3).\" \/>\n<meta property=\"og:url\" content=\"https:\/\/versdetours.fr\/index.php\/je-veux-etre-collecte\/\" \/>\n<meta property=\"og:site_name\" content=\"Les Vers de Tours\" \/>\n<meta property=\"article:publisher\" content=\"https:\/\/www.facebook.com\/Les.Vers.de.Tours\" \/>\n<meta property=\"article:modified_time\" content=\"2025-03-18T12:23:07+00:00\" \/>\n<meta name=\"twitter:card\" content=\"summary_large_image\" \/>\n<meta name=\"twitter:label1\" content=\"Dur\u00e9e de lecture estim\u00e9e\" \/>\n\t<meta name=\"twitter:data1\" content=\"2 minutes\" \/>\n<script type=\"application\/ld+json\" class=\"yoast-schema-graph\">{\"@context\":\"https:\\\/\\\/schema.org\",\"@graph\":[{\"@type\":\"WebPage\",\"@id\":\"https:\\\/\\\/versdetours.fr\\\/index.php\\\/je-veux-etre-collecte\\\/\",\"url\":\"https:\\\/\\\/versdetours.fr\\\/index.php\\\/je-veux-etre-collecte\\\/\",\"name\":\"\u00catre collect\u00e9 - Les Vers de Tours\",\"isPartOf\":{\"@id\":\"https:\\\/\\\/versdetours.fr\\\/#website\"},\"datePublished\":\"2022-03-09T18:36:24+00:00\",\"dateModified\":\"2025-03-18T12:23:07+00:00\",\"description\":\"La collecte des biod\u00e9chets se fait \u00e0 v\u00e9lo et remorque, la valorisation se fait via lombricompostage (d\u00e9chets v\u00e9g\u00e9taux) ou compostage (d\u00e9chets alimentaires type SPAnC3).\",\"breadcrumb\":{\"@id\":\"https:\\\/\\\/versdetours.fr\\\/index.php\\\/je-veux-etre-collecte\\\/#breadcrumb\"},\"inLanguage\":\"fr-FR\",\"potentialAction\":[{\"@type\":\"ReadAction\",\"target\":[\"https:\\\/\\\/versdetours.fr\\\/index.php\\\/je-veux-etre-collecte\\\/\"]}]},{\"@type\":\"BreadcrumbList\",\"@id\":\"https:\\\/\\\/versdetours.fr\\\/index.php\\\/je-veux-etre-collecte\\\/#breadcrumb\",\"itemListElement\":[{\"@type\":\"ListItem\",\"position\":1,\"name\":\"Accueil\",\"item\":\"https:\\\/\\\/versdetours.fr\\\/\"},{\"@type\":\"ListItem\",\"position\":2,\"name\":\"\u00catre collect\u00e9\"}]},{\"@type\":\"WebSite\",\"@id\":\"https:\\\/\\\/versdetours.fr\\\/#website\",\"url\":\"https:\\\/\\\/versdetours.fr\\\/\",\"name\":\"Les Vers de Tours\",\"description\":\"Collecte et valorisation des biod\u00e9chets \u00e0 Tours - Compost - Lombricompost d\u00e9chets organiques\",\"publisher\":{\"@id\":\"https:\\\/\\\/versdetours.fr\\\/#organization\"},\"potentialAction\":[{\"@type\":\"SearchAction\",\"target\":{\"@type\":\"EntryPoint\",\"urlTemplate\":\"https:\\\/\\\/versdetours.fr\\\/?s={search_term_string}\"},\"query-input\":{\"@type\":\"PropertyValueSpecification\",\"valueRequired\":true,\"valueName\":\"search_term_string\"}}],\"inLanguage\":\"fr-FR\"},{\"@type\":\"Organization\",\"@id\":\"https:\\\/\\\/versdetours.fr\\\/#organization\",\"name\":\"Les Vers de Tours\",\"url\":\"https:\\\/\\\/versdetours.fr\\\/\",\"logo\":{\"@type\":\"ImageObject\",\"inLanguage\":\"fr-FR\",\"@id\":\"https:\\\/\\\/versdetours.fr\\\/#\\\/schema\\\/logo\\\/image\\\/\",\"url\":\"http:\\\/\\\/versdetours.fr\\\/wp-content\\\/uploads\\\/2022\\\/03\\\/LVDT-Logo-01H-MARRON.png\",\"contentUrl\":\"http:\\\/\\\/versdetours.fr\\\/wp-content\\\/uploads\\\/2022\\\/03\\\/LVDT-Logo-01H-MARRON.png\",\"width\":550,\"height\":196,\"caption\":\"Les Vers de Tours\"},\"image\":{\"@id\":\"https:\\\/\\\/versdetours.fr\\\/#\\\/schema\\\/logo\\\/image\\\/\"},\"sameAs\":[\"https:\\\/\\\/www.facebook.com\\\/Les.Vers.de.Tours\",\"https:\\\/\\\/www.linkedin.com\\\/company\\\/les-vers-de-tours\\\/\"]}]}<\/script>\n<!-- \/ Yoast SEO plugin. -->","yoast_head_json":{"title":"\u00catre collect\u00e9 - Les Vers de Tours","description":"La collecte des biod\u00e9chets se fait \u00e0 v\u00e9lo et remorque, la valorisation se fait via lombricompostage (d\u00e9chets v\u00e9g\u00e9taux) ou compostage (d\u00e9chets alimentaires type SPAnC3).","robots":{"index":"index","follow":"follow","max-snippet":"max-snippet:-1","max-image-preview":"max-image-preview:large","max-video-preview":"max-video-preview:-1"},"canonical":"https:\/\/versdetours.fr\/index.php\/je-veux-etre-collecte\/","og_locale":"fr_FR","og_type":"article","og_title":"\u00catre collect\u00e9 - Les Vers de Tours","og_description":"La collecte des biod\u00e9chets se fait \u00e0 v\u00e9lo et remorque, la valorisation se fait via lombricompostage (d\u00e9chets v\u00e9g\u00e9taux) ou compostage (d\u00e9chets alimentaires type SPAnC3).","og_url":"https:\/\/versdetours.fr\/index.php\/je-veux-etre-collecte\/","og_site_name":"Les Vers de Tours","article_publisher":"https:\/\/www.facebook.com\/Les.Vers.de.Tours","article_modified_time":"2025-03-18T12:23:07+00:00","twitter_card":"summary_large_image","twitter_misc":{"Dur\u00e9e de lecture estim\u00e9e":"2 minutes"},"schema":{"@context":"https:\/\/schema.org","@graph":[{"@type":"WebPage","@id":"https:\/\/versdetours.fr\/index.php\/je-veux-etre-collecte\/","url":"https:\/\/versdetours.fr\/index.php\/je-veux-etre-collecte\/","name":"\u00catre collect\u00e9 - Les Vers de Tours","isPartOf":{"@id":"https:\/\/versdetours.fr\/#website"},"datePublished":"2022-03-09T18:36:24+00:00","dateModified":"2025-03-18T12:23:07+00:00","description":"La collecte des biod\u00e9chets se fait \u00e0 v\u00e9lo et remorque, la valorisation se fait via lombricompostage (d\u00e9chets v\u00e9g\u00e9taux) ou compostage (d\u00e9chets alimentaires type SPAnC3).","breadcrumb":{"@id":"https:\/\/versdetours.fr\/index.php\/je-veux-etre-collecte\/#breadcrumb"},"inLanguage":"fr-FR","potentialAction":[{"@type":"ReadAction","target":["https:\/\/versdetours.fr\/index.php\/je-veux-etre-collecte\/"]}]},{"@type":"BreadcrumbList","@id":"https:\/\/versdetours.fr\/index.php\/je-veux-etre-collecte\/#breadcrumb","itemListElement":[{"@type":"ListItem","position":1,"name":"Accueil","item":"https:\/\/versdetours.fr\/"},{"@type":"ListItem","position":2,"name":"\u00catre collect\u00e9"}]},{"@type":"WebSite","@id":"https:\/\/versdetours.fr\/#website","url":"https:\/\/versdetours.fr\/","name":"Les Vers de Tours","description":"Collecte et valorisation des biod\u00e9chets \u00e0 Tours - Compost - Lombricompost d\u00e9chets organiques","publisher":{"@id":"https:\/\/versdetours.fr\/#organization"},"potentialAction":[{"@type":"SearchAction","target":{"@type":"EntryPoint","urlTemplate":"https:\/\/versdetours.fr\/?s={search_term_string}"},"query-input":{"@type":"PropertyValueSpecification","valueRequired":true,"valueName":"search_term_string"}}],"inLanguage":"fr-FR"},{"@type":"Organization","@id":"https:\/\/versdetours.fr\/#organization","name":"Les Vers de Tours","url":"https:\/\/versdetours.fr\/","logo":{"@type":"ImageObject","inLanguage":"fr-FR","@id":"https:\/\/versdetours.fr\/#\/schema\/logo\/image\/","url":"http:\/\/versdetours.fr\/wp-content\/uploads\/2022\/03\/LVDT-Logo-01H-MARRON.png","contentUrl":"http:\/\/versdetours.fr\/wp-content\/uploads\/2022\/03\/LVDT-Logo-01H-MARRON.png","width":550,"height":196,"caption":"Les Vers de Tours"},"image":{"@id":"https:\/\/versdetours.fr\/#\/schema\/logo\/image\/"},"sameAs":["https:\/\/www.facebook.com\/Les.Vers.de.Tours","https:\/\/www.linkedin.com\/company\/les-vers-de-tours\/"]}]}},"_links":{"self":[{"href":"https:\/\/versdetours.fr\/index.php\/wp-json\/wp\/v2\/pages\/49","targetHints":{"allow":["GET"]}}],"collection":[{"href":"https:\/\/versdetours.fr\/index.php\/wp-json\/wp\/v2\/pages"}],"about":[{"href":"https:\/\/versdetours.fr\/index.php\/wp-json\/wp\/v2\/types\/page"}],"author":[{"embeddable":true,"href":"https:\/\/versdetours.fr\/index.php\/wp-json\/wp\/v2\/users\/1"}],"replies":[{"embeddable":true,"href":"https:\/\/versdetours.fr\/index.php\/wp-json\/wp\/v2\/comments?post=49"}],"version-history":[{"count":12,"href":"https:\/\/versdetours.fr\/index.php\/wp-json\/wp\/v2\/pages\/49\/revisions"}],"predecessor-version":[{"id":814,"href":"https:\/\/versdetours.fr\/index.php\/wp-json\/wp\/v2\/pages\/49\/revisions\/814"}],"wp:attachment":[{"href":"https:\/\/versdetours.fr\/index.php\/wp-json\/wp\/v2\/media?parent=49"}],"curies":[{"name":"wp","href":"https:\/\/api.w.org\/{rel}","templated":true}]}}