{"id":505,"date":"2023-07-04T11:39:26","date_gmt":"2023-07-04T09:39:26","guid":{"rendered":"http:\/\/versdetours.fr\/?page_id=505"},"modified":"2024-04-17T21:49:17","modified_gmt":"2024-04-17T19:49:17","slug":"glossaire","status":"publish","type":"page","link":"https:\/\/versdetours.fr\/index.php\/glossaire\/","title":{"rendered":"Glossaire"},"content":{"rendered":"\n<figure class=\"wp-block-image size-full\"><img loading=\"lazy\" decoding=\"async\" width=\"247\" height=\"204\" src=\"https:\/\/versdetours.fr\/wp-content\/uploads\/2023\/07\/Image1.jpg\" alt=\"\" class=\"wp-image-519\"\/><\/figure>\n\n\n\n<p><strong>Humus&nbsp;:<\/strong> L&rsquo;humus&nbsp;est la couche sup\u00e9rieure du&nbsp;<a href=\"https:\/\/fr.wikipedia.org\/wiki\/Sol_(p%C3%A9dologie)\">sol<\/a>&nbsp;cr\u00e9\u00e9e, entretenue et modifi\u00e9e par la d\u00e9composition de la&nbsp;<a href=\"https:\/\/fr.wikipedia.org\/wiki\/Mati%C3%A8re_organique\">mati\u00e8re organique<\/a>, principalement par l&rsquo;action combin\u00e9e des&nbsp;<a href=\"https:\/\/fr.wikipedia.org\/wiki\/Animal\">animaux<\/a>, des&nbsp;<a href=\"https:\/\/fr.wikipedia.org\/wiki\/Bact%C3%A9rie\">bact\u00e9ries<\/a>&nbsp;et des&nbsp;<a href=\"https:\/\/fr.wikipedia.org\/wiki\/Champignon\">champignons<\/a>&nbsp;du sol. L\u2019humus est une mati\u00e8re souple et a\u00e9r\u00e9e, qui absorbe et retient bien l&rsquo;<a href=\"https:\/\/fr.wikipedia.org\/wiki\/Eau\">eau<\/a>, de&nbsp;<a href=\"https:\/\/fr.wikipedia.org\/wiki\/Potentiel_hydrog%C3%A8ne\">pH<\/a>&nbsp;variable selon que la mati\u00e8re organique est li\u00e9e ou non \u00e0 des min\u00e9raux, d&rsquo;aspect fonc\u00e9 (brun\u00e2tre \u00e0 noir), \u00e0 l\u2019odeur caract\u00e9ristique, variable selon qu&rsquo;il s&rsquo;agit d&rsquo;une des nombreuses formes d&rsquo;humus&nbsp;<a href=\"https:\/\/fr.wikipedia.org\/wiki\/For%C3%AAt\">forestier<\/a>, de&nbsp;<a href=\"https:\/\/fr.wikipedia.org\/wiki\/Prairies,_savanes_et_brousses_temp%C3%A9r%C3%A9es\">prairie<\/a>, ou de&nbsp;<a href=\"https:\/\/fr.wikipedia.org\/wiki\/Agriculture\">sol cultiv\u00e9<\/a>.<\/p>\n\n\n\n<p><strong>L&rsquo;humus se distingue du&nbsp;<\/strong><a href=\"https:\/\/fr.wikipedia.org\/wiki\/Compostage_(biologie)\"><strong>compost<\/strong><\/a><strong>&nbsp;par son origine naturelle, mais partage avec lui beaucoup de propri\u00e9t\u00e9s, notamment sa capacit\u00e9 \u00e0 retenir l&rsquo;eau et les&nbsp;<\/strong><a href=\"https:\/\/fr.wikipedia.org\/wiki\/Nutriment\"><strong>nutriments<\/strong><\/a><strong>.<\/strong><\/p>\n\n\n\n<p><strong>La terre v\u00e9g\u00e9tale&nbsp;:<\/strong> La terre v\u00e9g\u00e9tale repr\u00e9sente l&rsquo;une de ces couches, situ\u00e9e juste en dessous de l&rsquo;humus. Elle s&rsquo;\u00e9tend sur une vingtaine de centim\u00e8tres de profondeur.&nbsp;On la trouve dans les jardins, les for\u00eats, la nature.&nbsp;<\/p>\n\n\n\n<p><strong>Terreau&nbsp;:<\/strong> Le&nbsp;terreau&nbsp;est un&nbsp;<a href=\"https:\/\/fr.wikipedia.org\/wiki\/Support_de_culture\">support de culture<\/a>&nbsp;naturel form\u00e9 de&nbsp;<a href=\"https:\/\/fr.wikipedia.org\/wiki\/Sol_(p%C3%A9dologie)\">terre<\/a>&nbsp;v\u00e9g\u00e9tale enrichie de produits de&nbsp;<a href=\"https:\/\/fr.wikipedia.org\/wiki\/D%C3%A9composition\">d\u00e9composition<\/a>&nbsp;(<a href=\"https:\/\/fr.wikipedia.org\/wiki\/Fumier\">fumier<\/a>&nbsp;et d\u00e9bris de v\u00e9g\u00e9taux d\u00e9compos\u00e9s) qui apportent la mati\u00e8re organique. Il est utilis\u00e9 pour les cultures potag\u00e8res ou horticoles.<\/p>\n\n\n\n<p><strong>La tourbe&nbsp;:<\/strong> La&nbsp;tourbe&nbsp;est une mati\u00e8re organique fossile form\u00e9e par accumulation sur de longues p\u00e9riodes de temps de&nbsp;<a href=\"https:\/\/fr.wikipedia.org\/wiki\/Mati%C3%A8re_organique\">mati\u00e8re organique<\/a>&nbsp;morte, essentiellement des&nbsp;<a href=\"https:\/\/fr.wikipedia.org\/wiki\/V%C3%A9g%C3%A9tal\">v\u00e9g\u00e9taux<\/a>, dans un milieu satur\u00e9 en eau. La tourbe forme la majeure partie des&nbsp;<a href=\"https:\/\/fr.wikipedia.org\/wiki\/Sol_(p%C3%A9dologie)\">sols<\/a>&nbsp;des&nbsp;<a href=\"https:\/\/fr.wikipedia.org\/wiki\/Tourbi%C3%A8re\">tourbi\u00e8res<\/a>. S\u00e9ch\u00e9e, elle donne un combustible brun \u00e0 noir\u00e2tre qui chauffe moins que le bois et le charbon.<\/p>\n\n\n\n<p>La tourbe est depuis longtemps utilis\u00e9e dans le domaine agricole, notamment comme substrat pour de l&rsquo;agriculture&nbsp;in situ, mais aussi extraite pour utilisation&nbsp;ex situ&nbsp;comme fertilisant organique ou substrat horticole.<\/p>\n\n\n\n<p>L&rsquo;extraction de la tourbe a \u00e9t\u00e9 l&rsquo;une des causes de disparition ou d\u00e9gradation de nombreuses&nbsp;<a href=\"https:\/\/fr.wikipedia.org\/wiki\/Zone_humide\">zones humides<\/a>, laissant parfois place \u00e0 de vastes&nbsp;<a href=\"https:\/\/fr.wikipedia.org\/wiki\/%C3%89tang\">\u00e9tangs<\/a>&nbsp;(comme dans le&nbsp;<a href=\"https:\/\/fr.wikipedia.org\/wiki\/Marais_audomarois\">marais audomarois<\/a>).<\/p>\n\n\n\n<p>Elle est habituellement compos\u00e9e de&nbsp;<strong>sable<\/strong>, d&rsquo;<strong>argile<\/strong>, d&rsquo;<strong>humus<\/strong>&nbsp;et de&nbsp;<strong>calcaire<\/strong>.&nbsp;A&nbsp;l&rsquo;\u00e9tat naturel, elle est travaill\u00e9e par des micro-organismes comme les vers et les champignons.&nbsp;Son aspect est sombre et compact.&nbsp;Elle est riche en nutriments.<\/p>\n\n\n\n<p><strong>Engrais (fertilisation)&nbsp;: <\/strong>Les&nbsp;engrais&nbsp;sont des substances&nbsp;<a href=\"https:\/\/fr.wikipedia.org\/wiki\/Mati%C3%A8re_organique\">organiques<\/a>&nbsp;ou&nbsp;<a href=\"https:\/\/fr.wikipedia.org\/wiki\/Min%C3%A9ral\">min\u00e9rales<\/a>, souvent utilis\u00e9es en m\u00e9langes, destin\u00e9es \u00e0 apporter aux&nbsp;<a href=\"https:\/\/fr.wikipedia.org\/wiki\/Plante\">plantes<\/a>&nbsp;des compl\u00e9ments d&rsquo;<a href=\"https:\/\/fr.wikipedia.org\/wiki\/Nutrition_v%C3%A9g%C3%A9tale\">\u00e9l\u00e9ments nutritifs<\/a>, de fa\u00e7on \u00e0 am\u00e9liorer leur croissance, et \u00e0 augmenter le&nbsp;<a href=\"https:\/\/fr.wikipedia.org\/wiki\/Rendement_agricole\">rendement<\/a>&nbsp;et la qualit\u00e9 des cultures.<\/p>\n\n\n\n<p><strong>Amendement&nbsp;:<\/strong> Un&nbsp;amendement&nbsp;est un&nbsp;<a href=\"https:\/\/fr.wikipedia.org\/wiki\/Produit_fertilisant\">produit fertilisant<\/a>&nbsp;min\u00e9ral ou organique apport\u00e9 \u00e0 un&nbsp;<a href=\"https:\/\/fr.wikipedia.org\/wiki\/Sol_(p%C3%A9dologie)\">sol<\/a>&nbsp;pour am\u00e9liorer sa qualit\u00e9 agricole&nbsp;; c\u2019est-\u00e0-dire les propri\u00e9t\u00e9s physiques (en particulier la&nbsp;<a href=\"https:\/\/fr.wikipedia.org\/wiki\/Structure_(p%C3%A9dologie)\">structure<\/a>&nbsp;et la&nbsp;<a href=\"https:\/\/fr.wikipedia.org\/wiki\/Texture_du_sol\">texture<\/a>), les propri\u00e9t\u00e9s chimiques (notamment l&rsquo;ajustement du niveau de nutriments disponibles pour les cultures, de&nbsp;<a href=\"https:\/\/fr.wikipedia.org\/wiki\/PH\">pH<\/a>&nbsp;pour l&rsquo;acidit\u00e9 ou la basicit\u00e9) et biologiques (par l&rsquo;apport de mati\u00e8re organique), et de favoriser la&nbsp;<a href=\"https:\/\/fr.wikipedia.org\/wiki\/Eau_de_r%C3%A9tention\">r\u00e9tention d&rsquo;eau<\/a>, la circulation de l&rsquo;air, l&rsquo;action des&nbsp;<a href=\"https:\/\/fr.wikipedia.org\/wiki\/Engrais\">engrais<\/a>&nbsp;(la fonction de ces derniers \u00e9tant d&rsquo;apporter aux plantes des \u00e9l\u00e9ments directement utiles \u00e0 leur nutrition) et le&nbsp;<a href=\"https:\/\/fr.wikipedia.org\/wiki\/Travail_du_sol\">travail de la terre<\/a>.<\/p>\n\n\n\n<p><strong>Paillage&nbsp;: <\/strong>La terre nue est un \u00e9tat anormal dans la nature. Pour&nbsp;ne pas laisser le sol \u00e0 nu, le jardinier \u00e0 recours au paillage (ou&nbsp;<a href=\"https:\/\/www.gammvert.fr\/conseils\/conseils-de-jardinage\/les-paillis-et-mulch-veritables-aubaines-du-jardinier\">mulch<\/a>&nbsp;\/&nbsp;<a href=\"https:\/\/www.gammvert.fr\/conseils\/conseils-de-jardinage\/mulching-ce-qu-il-faut-savoir\">mulching<\/a>). Le paillage est une technique qui consiste \u00e0&nbsp;recouvrir le sol de mat\u00e9riaux organiques, min\u00e9raux ou plastiques pour le nourrir et\/ou le prot\u00e9ger. Ces mat\u00e9riaux sont d\u00e9pos\u00e9s au pied des plantes dans les massifs.<\/p>\n","protected":false},"excerpt":{"rendered":"<p>Humus&nbsp;: L&rsquo;humus&nbsp;est la couche sup\u00e9rieure du&nbsp;sol&nbsp;cr\u00e9\u00e9e, entretenue et modifi\u00e9e par la d\u00e9composition de la&nbsp;mati\u00e8re organique, principalement par l&rsquo;action combin\u00e9e des&nbsp;animaux, des&nbsp;bact\u00e9ries&nbsp;et des&nbsp;champignons&nbsp;du sol. L\u2019humus est une mati\u00e8re souple et a\u00e9r\u00e9e, qui absorbe et retient bien l&rsquo;eau, de&nbsp;pH&nbsp;variable selon que la mati\u00e8re organique est li\u00e9e ou non \u00e0 des min\u00e9raux, d&rsquo;aspect fonc\u00e9 (brun\u00e2tre \u00e0 noir), \u00e0 [&hellip;]<\/p>\n","protected":false},"author":1,"featured_media":0,"parent":0,"menu_order":0,"comment_status":"closed","ping_status":"closed","template":"","meta":{"ocean_post_layout":"full-width","ocean_both_sidebars_style":"","ocean_both_sidebars_content_width":0,"ocean_both_sidebars_sidebars_width":0,"ocean_sidebar":"0","ocean_second_sidebar":"0","ocean_disable_margins":"enable","ocean_add_body_class":"","ocean_shortcode_before_top_bar":"","ocean_shortcode_after_top_bar":"","ocean_shortcode_before_header":"","ocean_shortcode_after_header":"","ocean_has_shortcode":"","ocean_shortcode_after_title":"","ocean_shortcode_before_footer_widgets":"","ocean_shortcode_after_footer_widgets":"","ocean_shortcode_before_footer_bottom":"","ocean_shortcode_after_footer_bottom":"","ocean_display_top_bar":"default","ocean_display_header":"default","ocean_header_style":"","ocean_center_header_left_menu":"0","ocean_custom_header_template":"0","ocean_custom_logo":0,"ocean_custom_retina_logo":0,"ocean_custom_logo_max_width":0,"ocean_custom_logo_tablet_max_width":0,"ocean_custom_logo_mobile_max_width":0,"ocean_custom_logo_max_height":0,"ocean_custom_logo_tablet_max_height":0,"ocean_custom_logo_mobile_max_height":0,"ocean_header_custom_menu":"0","ocean_menu_typo_font_family":"0","ocean_menu_typo_font_subset":"","ocean_menu_typo_font_size":0,"ocean_menu_typo_font_size_tablet":0,"ocean_menu_typo_font_size_mobile":0,"ocean_menu_typo_font_size_unit":"px","ocean_menu_typo_font_weight":"","ocean_menu_typo_font_weight_tablet":"","ocean_menu_typo_font_weight_mobile":"","ocean_menu_typo_transform":"","ocean_menu_typo_transform_tablet":"","ocean_menu_typo_transform_mobile":"","ocean_menu_typo_line_height":0,"ocean_menu_typo_line_height_tablet":0,"ocean_menu_typo_line_height_mobile":0,"ocean_menu_typo_line_height_unit":"","ocean_menu_typo_spacing":0,"ocean_menu_typo_spacing_tablet":0,"ocean_menu_typo_spacing_mobile":0,"ocean_menu_typo_spacing_unit":"","ocean_menu_link_color":"","ocean_menu_link_color_hover":"","ocean_menu_link_color_active":"","ocean_menu_link_background":"","ocean_menu_link_hover_background":"","ocean_menu_link_active_background":"","ocean_menu_social_links_bg":"","ocean_menu_social_hover_links_bg":"","ocean_menu_social_links_color":"","ocean_menu_social_hover_links_color":"","ocean_disable_title":"default","ocean_disable_heading":"default","ocean_post_title":"","ocean_post_subheading":"","ocean_post_title_style":"","ocean_post_title_background_color":"","ocean_post_title_background":0,"ocean_post_title_bg_image_position":"","ocean_post_title_bg_image_attachment":"","ocean_post_title_bg_image_repeat":"","ocean_post_title_bg_image_size":"","ocean_post_title_height":0,"ocean_post_title_bg_overlay":0.5,"ocean_post_title_bg_overlay_color":"","ocean_disable_breadcrumbs":"default","ocean_breadcrumbs_color":"","ocean_breadcrumbs_separator_color":"","ocean_breadcrumbs_links_color":"","ocean_breadcrumbs_links_hover_color":"","ocean_display_footer_widgets":"default","ocean_display_footer_bottom":"default","ocean_custom_footer_template":"0","footnotes":""},"class_list":["post-505","page","type-page","status-publish","hentry","entry"],"yoast_head":"<!-- This site is optimized with the Yoast SEO plugin v27.4 - https:\/\/yoast.com\/product\/yoast-seo-wordpress\/ -->\n<title>Glossaire - Les Vers de Tours<\/title>\n<meta name=\"description\" content=\"Humus terre v\u00e9g\u00e9tale Terreau tourbe Engrais fertilisation Amendement Paillage, retrouvez dans cette rubrique le vocabulaire de nos activit\u00e9s.\" \/>\n<meta name=\"robots\" content=\"index, follow, max-snippet:-1, max-image-preview:large, max-video-preview:-1\" \/>\n<link rel=\"canonical\" href=\"https:\/\/versdetours.fr\/index.php\/glossaire\/\" \/>\n<meta property=\"og:locale\" content=\"fr_FR\" \/>\n<meta property=\"og:type\" content=\"article\" \/>\n<meta property=\"og:title\" content=\"Glossaire - Les Vers de Tours\" \/>\n<meta property=\"og:description\" content=\"Humus terre v\u00e9g\u00e9tale Terreau tourbe Engrais fertilisation Amendement Paillage, retrouvez dans cette rubrique le vocabulaire de nos activit\u00e9s.\" \/>\n<meta property=\"og:url\" content=\"https:\/\/versdetours.fr\/index.php\/glossaire\/\" \/>\n<meta property=\"og:site_name\" content=\"Les Vers de Tours\" \/>\n<meta property=\"article:publisher\" content=\"https:\/\/www.facebook.com\/Les.Vers.de.Tours\" \/>\n<meta property=\"article:modified_time\" content=\"2024-04-17T19:49:17+00:00\" \/>\n<meta property=\"og:image\" content=\"https:\/\/versdetours.fr\/wp-content\/uploads\/2023\/07\/Image1.jpg\" \/>\n<meta name=\"twitter:card\" content=\"summary_large_image\" \/>\n<meta name=\"twitter:label1\" content=\"Dur\u00e9e de lecture estim\u00e9e\" \/>\n\t<meta name=\"twitter:data1\" content=\"3 minutes\" \/>\n<script type=\"application\/ld+json\" class=\"yoast-schema-graph\">{\"@context\":\"https:\\\/\\\/schema.org\",\"@graph\":[{\"@type\":\"WebPage\",\"@id\":\"https:\\\/\\\/versdetours.fr\\\/index.php\\\/glossaire\\\/\",\"url\":\"https:\\\/\\\/versdetours.fr\\\/index.php\\\/glossaire\\\/\",\"name\":\"Glossaire - Les Vers de Tours\",\"isPartOf\":{\"@id\":\"https:\\\/\\\/versdetours.fr\\\/#website\"},\"primaryImageOfPage\":{\"@id\":\"https:\\\/\\\/versdetours.fr\\\/index.php\\\/glossaire\\\/#primaryimage\"},\"image\":{\"@id\":\"https:\\\/\\\/versdetours.fr\\\/index.php\\\/glossaire\\\/#primaryimage\"},\"thumbnailUrl\":\"https:\\\/\\\/versdetours.fr\\\/wp-content\\\/uploads\\\/2023\\\/07\\\/Image1.jpg\",\"datePublished\":\"2023-07-04T09:39:26+00:00\",\"dateModified\":\"2024-04-17T19:49:17+00:00\",\"description\":\"Humus terre v\u00e9g\u00e9tale Terreau tourbe Engrais fertilisation Amendement Paillage, retrouvez dans cette rubrique le vocabulaire de nos activit\u00e9s.\",\"breadcrumb\":{\"@id\":\"https:\\\/\\\/versdetours.fr\\\/index.php\\\/glossaire\\\/#breadcrumb\"},\"inLanguage\":\"fr-FR\",\"potentialAction\":[{\"@type\":\"ReadAction\",\"target\":[\"https:\\\/\\\/versdetours.fr\\\/index.php\\\/glossaire\\\/\"]}]},{\"@type\":\"ImageObject\",\"inLanguage\":\"fr-FR\",\"@id\":\"https:\\\/\\\/versdetours.fr\\\/index.php\\\/glossaire\\\/#primaryimage\",\"url\":\"https:\\\/\\\/versdetours.fr\\\/wp-content\\\/uploads\\\/2023\\\/07\\\/Image1.jpg\",\"contentUrl\":\"https:\\\/\\\/versdetours.fr\\\/wp-content\\\/uploads\\\/2023\\\/07\\\/Image1.jpg\"},{\"@type\":\"BreadcrumbList\",\"@id\":\"https:\\\/\\\/versdetours.fr\\\/index.php\\\/glossaire\\\/#breadcrumb\",\"itemListElement\":[{\"@type\":\"ListItem\",\"position\":1,\"name\":\"Accueil\",\"item\":\"https:\\\/\\\/versdetours.fr\\\/\"},{\"@type\":\"ListItem\",\"position\":2,\"name\":\"Glossaire\"}]},{\"@type\":\"WebSite\",\"@id\":\"https:\\\/\\\/versdetours.fr\\\/#website\",\"url\":\"https:\\\/\\\/versdetours.fr\\\/\",\"name\":\"Les Vers de Tours\",\"description\":\"Collecte et valorisation des biod\u00e9chets \u00e0 Tours - Compost - Lombricompost d\u00e9chets organiques\",\"publisher\":{\"@id\":\"https:\\\/\\\/versdetours.fr\\\/#organization\"},\"potentialAction\":[{\"@type\":\"SearchAction\",\"target\":{\"@type\":\"EntryPoint\",\"urlTemplate\":\"https:\\\/\\\/versdetours.fr\\\/?s={search_term_string}\"},\"query-input\":{\"@type\":\"PropertyValueSpecification\",\"valueRequired\":true,\"valueName\":\"search_term_string\"}}],\"inLanguage\":\"fr-FR\"},{\"@type\":\"Organization\",\"@id\":\"https:\\\/\\\/versdetours.fr\\\/#organization\",\"name\":\"Les Vers de Tours\",\"url\":\"https:\\\/\\\/versdetours.fr\\\/\",\"logo\":{\"@type\":\"ImageObject\",\"inLanguage\":\"fr-FR\",\"@id\":\"https:\\\/\\\/versdetours.fr\\\/#\\\/schema\\\/logo\\\/image\\\/\",\"url\":\"http:\\\/\\\/versdetours.fr\\\/wp-content\\\/uploads\\\/2022\\\/03\\\/LVDT-Logo-01H-MARRON.png\",\"contentUrl\":\"http:\\\/\\\/versdetours.fr\\\/wp-content\\\/uploads\\\/2022\\\/03\\\/LVDT-Logo-01H-MARRON.png\",\"width\":550,\"height\":196,\"caption\":\"Les Vers de Tours\"},\"image\":{\"@id\":\"https:\\\/\\\/versdetours.fr\\\/#\\\/schema\\\/logo\\\/image\\\/\"},\"sameAs\":[\"https:\\\/\\\/www.facebook.com\\\/Les.Vers.de.Tours\",\"https:\\\/\\\/www.linkedin.com\\\/company\\\/les-vers-de-tours\\\/\"]}]}<\/script>\n<!-- \/ Yoast SEO plugin. -->","yoast_head_json":{"title":"Glossaire - Les Vers de Tours","description":"Humus terre v\u00e9g\u00e9tale Terreau tourbe Engrais fertilisation Amendement Paillage, retrouvez dans cette rubrique le vocabulaire de nos activit\u00e9s.","robots":{"index":"index","follow":"follow","max-snippet":"max-snippet:-1","max-image-preview":"max-image-preview:large","max-video-preview":"max-video-preview:-1"},"canonical":"https:\/\/versdetours.fr\/index.php\/glossaire\/","og_locale":"fr_FR","og_type":"article","og_title":"Glossaire - Les Vers de Tours","og_description":"Humus terre v\u00e9g\u00e9tale Terreau tourbe Engrais fertilisation Amendement Paillage, retrouvez dans cette rubrique le vocabulaire de nos activit\u00e9s.","og_url":"https:\/\/versdetours.fr\/index.php\/glossaire\/","og_site_name":"Les Vers de Tours","article_publisher":"https:\/\/www.facebook.com\/Les.Vers.de.Tours","article_modified_time":"2024-04-17T19:49:17+00:00","og_image":[{"url":"https:\/\/versdetours.fr\/wp-content\/uploads\/2023\/07\/Image1.jpg","type":"","width":"","height":""}],"twitter_card":"summary_large_image","twitter_misc":{"Dur\u00e9e de lecture estim\u00e9e":"3 minutes"},"schema":{"@context":"https:\/\/schema.org","@graph":[{"@type":"WebPage","@id":"https:\/\/versdetours.fr\/index.php\/glossaire\/","url":"https:\/\/versdetours.fr\/index.php\/glossaire\/","name":"Glossaire - Les Vers de Tours","isPartOf":{"@id":"https:\/\/versdetours.fr\/#website"},"primaryImageOfPage":{"@id":"https:\/\/versdetours.fr\/index.php\/glossaire\/#primaryimage"},"image":{"@id":"https:\/\/versdetours.fr\/index.php\/glossaire\/#primaryimage"},"thumbnailUrl":"https:\/\/versdetours.fr\/wp-content\/uploads\/2023\/07\/Image1.jpg","datePublished":"2023-07-04T09:39:26+00:00","dateModified":"2024-04-17T19:49:17+00:00","description":"Humus terre v\u00e9g\u00e9tale Terreau tourbe Engrais fertilisation Amendement Paillage, retrouvez dans cette rubrique le vocabulaire de nos activit\u00e9s.","breadcrumb":{"@id":"https:\/\/versdetours.fr\/index.php\/glossaire\/#breadcrumb"},"inLanguage":"fr-FR","potentialAction":[{"@type":"ReadAction","target":["https:\/\/versdetours.fr\/index.php\/glossaire\/"]}]},{"@type":"ImageObject","inLanguage":"fr-FR","@id":"https:\/\/versdetours.fr\/index.php\/glossaire\/#primaryimage","url":"https:\/\/versdetours.fr\/wp-content\/uploads\/2023\/07\/Image1.jpg","contentUrl":"https:\/\/versdetours.fr\/wp-content\/uploads\/2023\/07\/Image1.jpg"},{"@type":"BreadcrumbList","@id":"https:\/\/versdetours.fr\/index.php\/glossaire\/#breadcrumb","itemListElement":[{"@type":"ListItem","position":1,"name":"Accueil","item":"https:\/\/versdetours.fr\/"},{"@type":"ListItem","position":2,"name":"Glossaire"}]},{"@type":"WebSite","@id":"https:\/\/versdetours.fr\/#website","url":"https:\/\/versdetours.fr\/","name":"Les Vers de Tours","description":"Collecte et valorisation des biod\u00e9chets \u00e0 Tours - Compost - Lombricompost d\u00e9chets organiques","publisher":{"@id":"https:\/\/versdetours.fr\/#organization"},"potentialAction":[{"@type":"SearchAction","target":{"@type":"EntryPoint","urlTemplate":"https:\/\/versdetours.fr\/?s={search_term_string}"},"query-input":{"@type":"PropertyValueSpecification","valueRequired":true,"valueName":"search_term_string"}}],"inLanguage":"fr-FR"},{"@type":"Organization","@id":"https:\/\/versdetours.fr\/#organization","name":"Les Vers de Tours","url":"https:\/\/versdetours.fr\/","logo":{"@type":"ImageObject","inLanguage":"fr-FR","@id":"https:\/\/versdetours.fr\/#\/schema\/logo\/image\/","url":"http:\/\/versdetours.fr\/wp-content\/uploads\/2022\/03\/LVDT-Logo-01H-MARRON.png","contentUrl":"http:\/\/versdetours.fr\/wp-content\/uploads\/2022\/03\/LVDT-Logo-01H-MARRON.png","width":550,"height":196,"caption":"Les Vers de Tours"},"image":{"@id":"https:\/\/versdetours.fr\/#\/schema\/logo\/image\/"},"sameAs":["https:\/\/www.facebook.com\/Les.Vers.de.Tours","https:\/\/www.linkedin.com\/company\/les-vers-de-tours\/"]}]}},"_links":{"self":[{"href":"https:\/\/versdetours.fr\/index.php\/wp-json\/wp\/v2\/pages\/505","targetHints":{"allow":["GET"]}}],"collection":[{"href":"https:\/\/versdetours.fr\/index.php\/wp-json\/wp\/v2\/pages"}],"about":[{"href":"https:\/\/versdetours.fr\/index.php\/wp-json\/wp\/v2\/types\/page"}],"author":[{"embeddable":true,"href":"https:\/\/versdetours.fr\/index.php\/wp-json\/wp\/v2\/users\/1"}],"replies":[{"embeddable":true,"href":"https:\/\/versdetours.fr\/index.php\/wp-json\/wp\/v2\/comments?post=505"}],"version-history":[{"count":3,"href":"https:\/\/versdetours.fr\/index.php\/wp-json\/wp\/v2\/pages\/505\/revisions"}],"predecessor-version":[{"id":522,"href":"https:\/\/versdetours.fr\/index.php\/wp-json\/wp\/v2\/pages\/505\/revisions\/522"}],"wp:attachment":[{"href":"https:\/\/versdetours.fr\/index.php\/wp-json\/wp\/v2\/media?parent=505"}],"curies":[{"name":"wp","href":"https:\/\/api.w.org\/{rel}","templated":true}]}}